{"id":346,"date":"2021-09-13T10:56:29","date_gmt":"2021-09-13T08:56:29","guid":{"rendered":"https:\/\/lyceerochefortmontagne.fr\/?page_id=346"},"modified":"2025-07-01T10:47:31","modified_gmt":"2025-07-01T08:47:31","slug":"nous-joindre","status":"publish","type":"page","link":"https:\/\/lyceerochefortmontagne.fr\/?page_id=346","title":{"rendered":"Nous joindre"},"content":{"rendered":"\n<h2 class=\"wp-block-heading\"><span class=\"has-inline-color has-vivid-cyan-blue-color\"><strong>Contact<\/strong> :<\/span><\/h2>\n\n\n\n<p><strong>Par t\u00e9l\u00e9phone :<\/strong><\/p>\n\n\n\n<ul class=\"wp-block-list\">\n<li>Tel : 04 . 73 . 65 . 82 . 89<\/li>\n\n\n\n<li>Fax : 04 . 73 . 65 . 94 61 <\/li>\n<\/ul>\n\n\n\n<p><strong>Par E-mail :<\/strong><\/p>\n\n\n\n<ul class=\"wp-block-list\">\n<li>lpa.rochefort-montagne@educagri.fr<\/li>\n<\/ul>\n\n\n\n<h2 class=\"wp-block-heading\"><span class=\"has-inline-color has-vivid-cyan-blue-color\"><strong>Nos r\u00e9seaux sociaux :<\/strong> <\/span><\/h2>\n\n\n\n<ul class=\"wp-block-list\">\n<li><a href=\"https:\/\/www.facebook.com\/lpa.rochefort\/\" target=\"_blank\" rel=\"noreferrer noopener\"><span class=\"has-inline-color has-black-color\">F<\/span><\/a><span class=\"has-inline-color has-black-color\"><a href=\"https:\/\/www.facebook.com\/lpa.rochefort\/\" target=\"_blank\" rel=\"noreferrer noopener\">acebook<\/a><\/span><\/li>\n\n\n\n<li><span class=\"has-inline-color has-black-color\"><a href=\"https:\/\/www.instagram.com\/epl_rochefort_montagne\/\" target=\"_blank\" rel=\"noreferrer noopener\">Instagram<\/a><\/span><\/li>\n<\/ul>\n\n\n\n<div class=\"wp-block-group\"><div class=\"wp-block-group__inner-container is-layout-flow wp-block-group-is-layout-flow\"><\/div><\/div>\n\n\n\n<p><\/p>\n","protected":false},"excerpt":{"rendered":"<p>Contact : Par t\u00e9l\u00e9phone : Par E-mail : Nos r\u00e9seaux sociaux :<\/p>\n","protected":false},"author":1,"featured_media":0,"parent":0,"menu_order":0,"comment_status":"closed","ping_status":"closed","template":"","meta":{"footnotes":""},"class_list":["post-346","page","type-page","status-publish","hentry"],"_links":{"self":[{"href":"https:\/\/lyceerochefortmontagne.fr\/index.php?rest_route=\/wp\/v2\/pages\/346","targetHints":{"allow":["GET"]}}],"collection":[{"href":"https:\/\/lyceerochefortmontagne.fr\/index.php?rest_route=\/wp\/v2\/pages"}],"about":[{"href":"https:\/\/lyceerochefortmontagne.fr\/index.php?rest_route=\/wp\/v2\/types\/page"}],"author":[{"embeddable":true,"href":"https:\/\/lyceerochefortmontagne.fr\/index.php?rest_route=\/wp\/v2\/users\/1"}],"replies":[{"embeddable":true,"href":"https:\/\/lyceerochefortmontagne.fr\/index.php?rest_route=%2Fwp%2Fv2%2Fcomments&post=346"}],"version-history":[{"count":3,"href":"https:\/\/lyceerochefortmontagne.fr\/index.php?rest_route=\/wp\/v2\/pages\/346\/revisions"}],"predecessor-version":[{"id":1067,"href":"https:\/\/lyceerochefortmontagne.fr\/index.php?rest_route=\/wp\/v2\/pages\/346\/revisions\/1067"}],"wp:attachment":[{"href":"https:\/\/lyceerochefortmontagne.fr\/index.php?rest_route=%2Fwp%2Fv2%2Fmedia&parent=346"}],"curies":[{"name":"wp","href":"https:\/\/api.w.org\/{rel}","templated":true}]}}