{"id":305,"date":"2021-07-12T09:57:54","date_gmt":"2021-07-12T07:57:54","guid":{"rendered":"http:\/\/btztebl.cluster030.hosting.ovh.net\/?page_id=305"},"modified":"2022-08-24T10:35:38","modified_gmt":"2022-08-24T08:35:38","slug":"latelier-bovin-lait","status":"publish","type":"page","link":"https:\/\/lyceerochefortmontagne.fr\/?page_id=305","title":{"rendered":"L&rsquo;atelier bovin lait"},"content":{"rendered":"\n<p>L&rsquo;exploitation du lyc\u00e9e agricole de Rochefort-Montagne poss\u00e8de 35 vaches laiti\u00e8res de races Prim&rsquo;holstein, Abondances et crois\u00e9es Prim&rsquo;holstein\/Abondance. <\/p>\n\n\n\n<p>La production laiti\u00e8re est d&rsquo;environ 220000 litres de lait par an, vendu en bio \u00e0 la coop\u00e9rative sodiaal. <\/p>\n\n\n\n<p>Le respect du bien-\u00eatre animal est un point essentiel du pilotage de l&rsquo;exploitation, c&rsquo;est pourquoi nos vaches p\u00e2turent sur 45ha une grande partie de l&rsquo;ann\u00e9e. <\/p>\n\n\n\n<div class=\"wp-block-algori-image-video-slider-block-algori-image-video-slider dots-style-1-off-slide arrows-style-1-off-slide\" data-slick=\"{&quot;dots&quot;:true,&quot;arrows&quot;:true,&quot;autoplay&quot;:false,&quot;pauseOnFocus&quot;:false,&quot;rtl&quot;:false,&quot;vertical&quot;:false,&quot;fade&quot;:false,&quot;lazyLoad&quot;:false,&quot;centerMode&quot;:false,&quot;infinite&quot;:true,&quot;adaptiveHeight&quot;:true,&quot;speed&quot;:500,&quot;autoplaySpeed&quot;:3000,&quot;slidesToShow&quot;:1,&quot;slidesToScroll&quot;:1,&quot;rows&quot;:1,&quot;slidesPerRow&quot;:1}\"><div><figure class=\"algori-image-video-slider-slide-container\"><img decoding=\"async\" src=\"http:\/\/btztebl.cluster030.hosting.ovh.net\/wp-content\/uploads\/2021\/07\/vaches.jpg\" alt=\"\"\/><\/figure><\/div><\/div>\n\n\n\n<p><\/p>\n\n\n\n<figure class=\"wp-block-image size-large\"><img loading=\"lazy\" decoding=\"async\" width=\"1024\" height=\"1024\" src=\"https:\/\/lyceerochefortmontagne.fr\/wp-content\/uploads\/2022\/08\/Cest-lheure-de-la-sieste-_-1024x1024.jpg\" alt=\"\" class=\"wp-image-439\" srcset=\"https:\/\/lyceerochefortmontagne.fr\/wp-content\/uploads\/2022\/08\/Cest-lheure-de-la-sieste-_-1024x1024.jpg 1024w, https:\/\/lyceerochefortmontagne.fr\/wp-content\/uploads\/2022\/08\/Cest-lheure-de-la-sieste-_-300x300.jpg 300w, https:\/\/lyceerochefortmontagne.fr\/wp-content\/uploads\/2022\/08\/Cest-lheure-de-la-sieste-_-150x150.jpg 150w, https:\/\/lyceerochefortmontagne.fr\/wp-content\/uploads\/2022\/08\/Cest-lheure-de-la-sieste-_-768x768.jpg 768w, https:\/\/lyceerochefortmontagne.fr\/wp-content\/uploads\/2022\/08\/Cest-lheure-de-la-sieste-_-640x640.jpg 640w, https:\/\/lyceerochefortmontagne.fr\/wp-content\/uploads\/2022\/08\/Cest-lheure-de-la-sieste-_-100x100.jpg 100w, https:\/\/lyceerochefortmontagne.fr\/wp-content\/uploads\/2022\/08\/Cest-lheure-de-la-sieste-_-50x50.jpg 50w, https:\/\/lyceerochefortmontagne.fr\/wp-content\/uploads\/2022\/08\/Cest-lheure-de-la-sieste-_.jpg 1440w\" sizes=\"auto, (max-width: 767px) 89vw, (max-width: 1000px) 54vw, (max-width: 1071px) 543px, 580px\" \/><\/figure>\n","protected":false},"excerpt":{"rendered":"<p>L&rsquo;exploitation du lyc\u00e9e agricole de Rochefort-Montagne poss\u00e8de 35 vaches laiti\u00e8res de races Prim&rsquo;holstein, Abondances et crois\u00e9es Prim&rsquo;holstein\/Abondance. La production laiti\u00e8re est d&rsquo;environ 220000 litres de lait par an, vendu en bio \u00e0 la coop\u00e9rative sodiaal. Le respect du bien-\u00eatre animal est un point essentiel du pilotage de l&rsquo;exploitation, c&rsquo;est pourquoi nos vaches p\u00e2turent sur 45ha &hellip; <\/p>\n<p class=\"link-more\"><a href=\"https:\/\/lyceerochefortmontagne.fr\/?page_id=305\" class=\"more-link\">Continuer la lecture<span class=\"screen-reader-text\"> de &laquo;&nbsp;L&rsquo;atelier bovin lait&nbsp;&raquo;<\/span><\/a><\/p>\n","protected":false},"author":1,"featured_media":0,"parent":0,"menu_order":0,"comment_status":"closed","ping_status":"closed","template":"","meta":{"footnotes":""},"class_list":["post-305","page","type-page","status-publish","hentry"],"_links":{"self":[{"href":"https:\/\/lyceerochefortmontagne.fr\/index.php?rest_route=\/wp\/v2\/pages\/305","targetHints":{"allow":["GET"]}}],"collection":[{"href":"https:\/\/lyceerochefortmontagne.fr\/index.php?rest_route=\/wp\/v2\/pages"}],"about":[{"href":"https:\/\/lyceerochefortmontagne.fr\/index.php?rest_route=\/wp\/v2\/types\/page"}],"author":[{"embeddable":true,"href":"https:\/\/lyceerochefortmontagne.fr\/index.php?rest_route=\/wp\/v2\/users\/1"}],"replies":[{"embeddable":true,"href":"https:\/\/lyceerochefortmontagne.fr\/index.php?rest_route=%2Fwp%2Fv2%2Fcomments&post=305"}],"version-history":[{"count":2,"href":"https:\/\/lyceerochefortmontagne.fr\/index.php?rest_route=\/wp\/v2\/pages\/305\/revisions"}],"predecessor-version":[{"id":440,"href":"https:\/\/lyceerochefortmontagne.fr\/index.php?rest_route=\/wp\/v2\/pages\/305\/revisions\/440"}],"wp:attachment":[{"href":"https:\/\/lyceerochefortmontagne.fr\/index.php?rest_route=%2Fwp%2Fv2%2Fmedia&parent=305"}],"curies":[{"name":"wp","href":"https:\/\/api.w.org\/{rel}","templated":true}]}}