{"id":2,"date":"2021-03-01T15:00:43","date_gmt":"2021-03-01T14:00:43","guid":{"rendered":"http:\/\/btztebl.cluster030.hosting.ovh.net\/?page_id=2"},"modified":"2025-07-01T10:45:39","modified_gmt":"2025-07-01T08:45:39","slug":"page-d-exemple","status":"publish","type":"page","link":"https:\/\/lyceerochefortmontagne.fr\/?page_id=2","title":{"rendered":"Lyc\u00e9e agricole de Rochefort Montagne c&rsquo;est"},"content":{"rendered":"\n<ul class=\"wp-block-list\"><li>Un petit lyc\u00e9e au c\u0153ur du Parc Naturel R\u00e9gional des Volcans d&rsquo;Auvergne, proposant un ensemble de formations teint\u00e9es agriculture et environnement<\/li><li>Une exploitation agricole en agriculture biologique avec deux ateliers : un\u00a0 ovin viande et un\u00a0bovin lait<\/li><li>De nombreux projets p\u00e9dagogiques r\u00e9alis\u00e9s dans chaque\u00a0fili\u00e8res en partenariat avec des acteurs du territoire !<\/li><\/ul>\n\n\n\n<p><\/p>\n\n\n\n<figure class=\"wp-block-embed is-type-video is-provider-youtube wp-block-embed-youtube wp-embed-aspect-16-9 wp-has-aspect-ratio\"><div class=\"wp-block-embed__wrapper\">\n<iframe loading=\"lazy\" title=\"Pr\u00e9sentation du lyc\u00e9e\" width=\"525\" height=\"295\" src=\"https:\/\/www.youtube.com\/embed\/cSd_0Njf1K4?feature=oembed\" frameborder=\"0\" allow=\"accelerometer; autoplay; clipboard-write; encrypted-media; gyroscope; picture-in-picture; web-share\" referrerpolicy=\"strict-origin-when-cross-origin\" allowfullscreen><\/iframe>\n<\/div><\/figure>\n\n\n\n<div class=\"wp-block-algori-image-video-slider-block-algori-image-video-slider dots-style-1-off-slide arrows-style-1-off-slide\" data-slick=\"{&quot;dots&quot;:true,&quot;arrows&quot;:true,&quot;autoplay&quot;:false,&quot;pauseOnFocus&quot;:false,&quot;rtl&quot;:false,&quot;vertical&quot;:false,&quot;fade&quot;:false,&quot;lazyLoad&quot;:false,&quot;centerMode&quot;:false,&quot;infinite&quot;:true,&quot;adaptiveHeight&quot;:true,&quot;speed&quot;:500,&quot;autoplaySpeed&quot;:3000,&quot;slidesToShow&quot;:1,&quot;slidesToScroll&quot;:1,&quot;rows&quot;:1,&quot;slidesPerRow&quot;:1}\"><div><figure class=\"algori-image-video-slider-slide-container\"><img decoding=\"async\" src=\"http:\/\/btztebl.cluster030.hosting.ovh.net\/wp-content\/uploads\/2021\/07\/IMG_20200918_185527_206-scaled.jpg\" alt=\"\"\/><\/figure><\/div><div><figure class=\"algori-image-video-slider-slide-container\"><img decoding=\"async\" src=\"http:\/\/btztebl.cluster030.hosting.ovh.net\/wp-content\/uploads\/2021\/07\/IMG_4418.jpg\" alt=\"\"\/><\/figure><\/div><div><figure class=\"algori-image-video-slider-slide-container\"><img decoding=\"async\" src=\"http:\/\/btztebl.cluster030.hosting.ovh.net\/wp-content\/uploads\/2021\/07\/brebis.jpg\" alt=\"\"\/><\/figure><\/div><div><figure class=\"algori-image-video-slider-slide-container\"><img decoding=\"async\" src=\"http:\/\/btztebl.cluster030.hosting.ovh.net\/wp-content\/uploads\/2021\/07\/fromagerie.jpg\" alt=\"\"\/><\/figure><\/div><div><figure class=\"algori-image-video-slider-slide-container\"><img decoding=\"async\" src=\"http:\/\/btztebl.cluster030.hosting.ovh.net\/wp-content\/uploads\/2021\/07\/lycee.jpg\" alt=\"\"\/><\/figure><\/div><div><figure class=\"algori-image-video-slider-slide-container\"><img decoding=\"async\" src=\"http:\/\/btztebl.cluster030.hosting.ovh.net\/wp-content\/uploads\/2021\/07\/paysage.jpg\" alt=\"\"\/><\/figure><\/div><div><figure class=\"algori-image-video-slider-slide-container\"><img decoding=\"async\" src=\"http:\/\/btztebl.cluster030.hosting.ovh.net\/wp-content\/uploads\/2021\/07\/traite.jpg\" alt=\"\"\/><\/figure><\/div><div><figure class=\"algori-image-video-slider-slide-container\"><img decoding=\"async\" src=\"http:\/\/btztebl.cluster030.hosting.ovh.net\/wp-content\/uploads\/2021\/07\/Video_LPA_RM_V2_Moment-1.jpg\" alt=\"\"\/><\/figure><\/div><div><figure class=\"algori-image-video-slider-slide-container\"><img decoding=\"async\" src=\"http:\/\/btztebl.cluster030.hosting.ovh.net\/wp-content\/uploads\/2021\/07\/IMG_3601.jpg\" alt=\"\"\/><\/figure><\/div><div><figure class=\"algori-image-video-slider-slide-container\"><img decoding=\"async\" src=\"http:\/\/btztebl.cluster030.hosting.ovh.net\/wp-content\/uploads\/2021\/07\/chantier-GMNF-2.png\" alt=\"\"\/><\/figure><\/div><div><figure class=\"algori-image-video-slider-slide-container\"><img decoding=\"async\" src=\"http:\/\/btztebl.cluster030.hosting.ovh.net\/wp-content\/uploads\/2021\/07\/DJVY2460.jpg\" alt=\"\"\/><\/figure><\/div><\/div>\n","protected":false},"excerpt":{"rendered":"<p>Un petit lyc\u00e9e au c\u0153ur du Parc Naturel R\u00e9gional des Volcans d&rsquo;Auvergne, proposant un ensemble de formations teint\u00e9es agriculture et environnement Une exploitation agricole en agriculture biologique avec deux ateliers : un\u00a0 ovin viande et un\u00a0bovin lait De nombreux projets p\u00e9dagogiques r\u00e9alis\u00e9s dans chaque\u00a0fili\u00e8res en partenariat avec des acteurs du territoire !<\/p>\n","protected":false},"author":1,"featured_media":0,"parent":0,"menu_order":0,"comment_status":"closed","ping_status":"open","template":"","meta":{"footnotes":""},"class_list":["post-2","page","type-page","status-publish","hentry"],"_links":{"self":[{"href":"https:\/\/lyceerochefortmontagne.fr\/index.php?rest_route=\/wp\/v2\/pages\/2","targetHints":{"allow":["GET"]}}],"collection":[{"href":"https:\/\/lyceerochefortmontagne.fr\/index.php?rest_route=\/wp\/v2\/pages"}],"about":[{"href":"https:\/\/lyceerochefortmontagne.fr\/index.php?rest_route=\/wp\/v2\/types\/page"}],"author":[{"embeddable":true,"href":"https:\/\/lyceerochefortmontagne.fr\/index.php?rest_route=\/wp\/v2\/users\/1"}],"replies":[{"embeddable":true,"href":"https:\/\/lyceerochefortmontagne.fr\/index.php?rest_route=%2Fwp%2Fv2%2Fcomments&post=2"}],"version-history":[{"count":14,"href":"https:\/\/lyceerochefortmontagne.fr\/index.php?rest_route=\/wp\/v2\/pages\/2\/revisions"}],"predecessor-version":[{"id":344,"href":"https:\/\/lyceerochefortmontagne.fr\/index.php?rest_route=\/wp\/v2\/pages\/2\/revisions\/344"}],"wp:attachment":[{"href":"https:\/\/lyceerochefortmontagne.fr\/index.php?rest_route=%2Fwp%2Fv2%2Fmedia&parent=2"}],"curies":[{"name":"wp","href":"https:\/\/api.w.org\/{rel}","templated":true}]}}