{"id":176,"date":"2021-07-07T10:37:03","date_gmt":"2021-07-07T08:37:03","guid":{"rendered":"http:\/\/btztebl.cluster030.hosting.ovh.net\/?page_id=176"},"modified":"2025-07-01T10:34:33","modified_gmt":"2025-07-01T08:34:33","slug":"lhebergement","status":"publish","type":"page","link":"https:\/\/lyceerochefortmontagne.fr\/?page_id=176","title":{"rendered":"L&rsquo;h\u00e9bergement"},"content":{"rendered":"\n<p>L&rsquo;internat constitue un r\u00e9el atout pour les lyc\u00e9ens&nbsp; qui pr\u00e9parent leur examen au lyc\u00e9e de Rochefort.<\/p>\n\n\n\n<p>Sur les 180\u00a0\u00e9l\u00e8ves pr\u00e9sents \u00e0 la rentr\u00e9e 2024, 110\u00a0sont actuellement internes ; c&rsquo;est dire la richesse de la vie sociale et culturelle dans nos murs&#8230;<\/p>\n\n\n\n<p>Les \u00e9l\u00e8ves b\u00e9n\u00e9ficient d&rsquo;un internat&nbsp;confortable et moderne, r\u00e9pondant aux exigences de confort des jeunes :<\/p>\n\n\n\n<ul class=\"wp-block-list\">\n<li>chambres de 2 \u00e0 4 pour les filles<\/li>\n\n\n\n<li>chambres de 3 pour les gar\u00e7ons, en duplex (bureaux et salle de douche en bas, couchage \u00e0 l&rsquo;\u00e9tage)<\/li>\n<\/ul>\n\n\n\n<p>Les \u00e9tudes obligatoires, initialement en salle en d\u00e9but d&rsquo;ann\u00e9e scolaire, se poursuivent en chambre. Elles se d\u00e9roulent apr\u00e8s d\u00eener. Avant le repas du soir,&nbsp;place aux activit\u00e9s associatives, vari\u00e9es et nombreuses,&nbsp;sources d&rsquo;\u00e9panouissement et de d\u00e9compression ! mais le CDI et les salles d&rsquo;\u00e9tude restent accessibles pour les \u00e9l\u00e8ves ayant besoin de travailler, d&rsquo;effectuer des recherches ou de r\u00e9aliser des documents par informatique.<\/p>\n\n\n\n<p>On peut dire sans beaucoup se tromper que la tr\u00e8s grande majorit\u00e9 des \u00e9l\u00e8ves gardent un excellent souvenir de leur passage au lyc\u00e9e, gr\u00e2ce en grande partie \u00e0 ce lieu de vie que constitue l&rsquo;internat.<\/p>\n\n\n\n<p><\/p>\n","protected":false},"excerpt":{"rendered":"<p>L&rsquo;internat constitue un r\u00e9el atout pour les lyc\u00e9ens&nbsp; qui pr\u00e9parent leur examen au lyc\u00e9e de Rochefort. Sur les 180\u00a0\u00e9l\u00e8ves pr\u00e9sents \u00e0 la rentr\u00e9e 2024, 110\u00a0sont actuellement internes ; c&rsquo;est dire la richesse de la vie sociale et culturelle dans nos murs&#8230; Les \u00e9l\u00e8ves b\u00e9n\u00e9ficient d&rsquo;un internat&nbsp;confortable et moderne, r\u00e9pondant aux exigences de confort des jeunes &hellip; <\/p>\n<p class=\"link-more\"><a href=\"https:\/\/lyceerochefortmontagne.fr\/?page_id=176\" class=\"more-link\">Continuer la lecture<span class=\"screen-reader-text\"> de &laquo;&nbsp;L&rsquo;h\u00e9bergement&nbsp;&raquo;<\/span><\/a><\/p>\n","protected":false},"author":1,"featured_media":0,"parent":0,"menu_order":0,"comment_status":"closed","ping_status":"closed","template":"","meta":{"footnotes":""},"class_list":["post-176","page","type-page","status-publish","hentry"],"_links":{"self":[{"href":"https:\/\/lyceerochefortmontagne.fr\/index.php?rest_route=\/wp\/v2\/pages\/176","targetHints":{"allow":["GET"]}}],"collection":[{"href":"https:\/\/lyceerochefortmontagne.fr\/index.php?rest_route=\/wp\/v2\/pages"}],"about":[{"href":"https:\/\/lyceerochefortmontagne.fr\/index.php?rest_route=\/wp\/v2\/types\/page"}],"author":[{"embeddable":true,"href":"https:\/\/lyceerochefortmontagne.fr\/index.php?rest_route=\/wp\/v2\/users\/1"}],"replies":[{"embeddable":true,"href":"https:\/\/lyceerochefortmontagne.fr\/index.php?rest_route=%2Fwp%2Fv2%2Fcomments&post=176"}],"version-history":[{"count":3,"href":"https:\/\/lyceerochefortmontagne.fr\/index.php?rest_route=\/wp\/v2\/pages\/176\/revisions"}],"predecessor-version":[{"id":1059,"href":"https:\/\/lyceerochefortmontagne.fr\/index.php?rest_route=\/wp\/v2\/pages\/176\/revisions\/1059"}],"wp:attachment":[{"href":"https:\/\/lyceerochefortmontagne.fr\/index.php?rest_route=%2Fwp%2Fv2%2Fmedia&parent=176"}],"curies":[{"name":"wp","href":"https:\/\/api.w.org\/{rel}","templated":true}]}}